{"id":7682,"date":"2025-09-09T11:59:22","date_gmt":"2025-09-09T09:59:22","guid":{"rendered":"https:\/\/scrabme.com\/?page_id=7682"},"modified":"2025-10-21T10:55:30","modified_gmt":"2025-10-21T08:55:30","slug":"zamowienia-grupowe","status":"publish","type":"page","link":"https:\/\/scrabme.com\/en\/zamowienia-grupowe\/","title":{"rendered":"Group orders"},"content":{"rendered":"<style>.kb-row-layout-id7682_93ed57-72 > .kt-row-column-wrap{align-content:center;}:where(.kb-row-layout-id7682_93ed57-72 > .kt-row-column-wrap) > .wp-block-kadence-column{justify-content:center;}.kb-row-layout-id7682_93ed57-72 > .kt-row-column-wrap{column-gap:var(--global-kb-gap-md, 2rem);row-gap:var(--global-kb-gap-md, 2rem);max-width:var( --global-content-width, 1650px );padding-left:var(--global-content-edge-padding);padding-right:var(--global-content-edge-padding);padding-top:var(--global-kb-spacing-lg, 3rem);grid-template-columns:minmax(0, calc(70% - ((var(--global-kb-gap-md, 2rem) * 1 )\/2)))minmax(0, calc(30% - ((var(--global-kb-gap-md, 2rem) * 1 )\/2)));}.kb-row-layout-id7682_93ed57-72 > .kt-row-layout-overlay{opacity:0.30;}@media all and (max-width: 1024px){.kb-row-layout-id7682_93ed57-72 > .kt-row-column-wrap{grid-template-columns:repeat(2, minmax(0, 1fr));}}@media all and (max-width: 767px){.kb-row-layout-id7682_93ed57-72 > .kt-row-column-wrap{grid-template-columns:minmax(0, 1fr);}}<\/style><div class=\"kb-row-layout-wrap kb-row-layout-id7682_93ed57-72 alignnone wp-block-kadence-rowlayout\"><div class=\"kt-row-column-wrap kt-has-2-columns kt-row-layout-equal kt-tab-layout-inherit kt-mobile-layout-row kt-row-valign-middle kb-theme-content-width\">\n<style>.kadence-column7682_348c48-b5 > .kt-inside-inner-col{padding-top:var(--global-kb-spacing-xl, 4rem);padding-right:var(--global-kb-spacing-xl, 4rem);padding-bottom:var(--global-kb-spacing-xl, 4rem);padding-left:var(--global-kb-spacing-xl, 4rem);}.kadence-column7682_348c48-b5 > .kt-inside-inner-col,.kadence-column7682_348c48-b5 > .kt-inside-inner-col:before{border-top-left-radius:0px;border-top-right-radius:0px;border-bottom-right-radius:0px;border-bottom-left-radius:0px;}.kadence-column7682_348c48-b5 > .kt-inside-inner-col{column-gap:var(--global-kb-gap-sm, 1rem);}.kadence-column7682_348c48-b5 > .kt-inside-inner-col{flex-direction:column;}.kadence-column7682_348c48-b5 > .kt-inside-inner-col > .aligncenter{width:100%;}.kadence-column7682_348c48-b5 > .kt-inside-inner-col:before{opacity:0.3;}.kadence-column7682_348c48-b5{position:relative;}@media all and (max-width: 1024px){.kadence-column7682_348c48-b5 > .kt-inside-inner-col{flex-direction:column;justify-content:center;}}@media all and (max-width: 767px){.kadence-column7682_348c48-b5 > .kt-inside-inner-col{padding-top:var(--global-kb-spacing-xs, 1rem);padding-right:var(--global-kb-spacing-xs, 1rem);padding-bottom:var(--global-kb-spacing-xs, 1rem);padding-left:var(--global-kb-spacing-xs, 1rem);flex-direction:column;justify-content:center;}}<\/style>\n<div class=\"wp-block-kadence-column kadence-column7682_348c48-b5\"><div class=\"kt-inside-inner-col\"><style>.wp-block-kadence-advancedheading.kt-adv-heading7682_3cb9aa-ae, .wp-block-kadence-advancedheading.kt-adv-heading7682_3cb9aa-ae[data-kb-block=\"kb-adv-heading7682_3cb9aa-ae\"]{font-style:normal;}.wp-block-kadence-advancedheading.kt-adv-heading7682_3cb9aa-ae mark.kt-highlight, .wp-block-kadence-advancedheading.kt-adv-heading7682_3cb9aa-ae[data-kb-block=\"kb-adv-heading7682_3cb9aa-ae\"] mark.kt-highlight{font-style:normal;color:#f76a0c;-webkit-box-decoration-break:clone;box-decoration-break:clone;padding-top:0px;padding-right:0px;padding-bottom:0px;padding-left:0px;}.wp-block-kadence-advancedheading.kt-adv-heading7682_3cb9aa-ae img.kb-inline-image, .wp-block-kadence-advancedheading.kt-adv-heading7682_3cb9aa-ae[data-kb-block=\"kb-adv-heading7682_3cb9aa-ae\"] img.kb-inline-image{width:150px;vertical-align:baseline;}<\/style>\n<h1 class=\"kt-adv-heading7682_3cb9aa-ae wp-block-kadence-advancedheading\" data-kb-block=\"kb-adv-heading7682_3cb9aa-ae\">Zam\u00f3wienia Grupowe<\/h1>\n\n\n<style>.wp-block-kadence-advancedheading.kt-adv-heading7682_603039-b4, .wp-block-kadence-advancedheading.kt-adv-heading7682_603039-b4[data-kb-block=\"kb-adv-heading7682_603039-b4\"]{font-size:var(--global-kb-font-size-md, 1.25rem);font-style:normal;}.wp-block-kadence-advancedheading.kt-adv-heading7682_603039-b4 mark.kt-highlight, .wp-block-kadence-advancedheading.kt-adv-heading7682_603039-b4[data-kb-block=\"kb-adv-heading7682_603039-b4\"] mark.kt-highlight{font-style:normal;color:#f76a0c;-webkit-box-decoration-break:clone;box-decoration-break:clone;padding-top:0px;padding-right:0px;padding-bottom:0px;padding-left:0px;}.wp-block-kadence-advancedheading.kt-adv-heading7682_603039-b4 img.kb-inline-image, .wp-block-kadence-advancedheading.kt-adv-heading7682_603039-b4[data-kb-block=\"kb-adv-heading7682_603039-b4\"] img.kb-inline-image{width:150px;vertical-align:baseline;}<\/style>\n<p class=\"kt-adv-heading7682_603039-b4 wp-block-kadence-advancedheading\" data-kb-block=\"kb-adv-heading7682_603039-b4\">Potrzebujesz wi\u0119kszej ilo\u015bci odzie\u017cy dla swojego zespo\u0142u lub zamawiasz wsp\u00f3lnie ze znajomymi? <br>To u nas dostaniesz najlepsz\u0105 ofert\u0119!<\/p>\n\n\n<style>.wp-block-kadence-advancedheading.kt-adv-heading7682_d97bb8-c5, .wp-block-kadence-advancedheading.kt-adv-heading7682_d97bb8-c5[data-kb-block=\"kb-adv-heading7682_d97bb8-c5\"]{font-size:var(--global-kb-font-size-md, 1.25rem);font-style:normal;}.wp-block-kadence-advancedheading.kt-adv-heading7682_d97bb8-c5 mark.kt-highlight, .wp-block-kadence-advancedheading.kt-adv-heading7682_d97bb8-c5[data-kb-block=\"kb-adv-heading7682_d97bb8-c5\"] mark.kt-highlight{font-style:normal;color:#f76a0c;-webkit-box-decoration-break:clone;box-decoration-break:clone;padding-top:0px;padding-right:0px;padding-bottom:0px;padding-left:0px;}.wp-block-kadence-advancedheading.kt-adv-heading7682_d97bb8-c5 img.kb-inline-image, .wp-block-kadence-advancedheading.kt-adv-heading7682_d97bb8-c5[data-kb-block=\"kb-adv-heading7682_d97bb8-c5\"] img.kb-inline-image{width:150px;vertical-align:baseline;}<\/style>\n<p class=\"kt-adv-heading7682_d97bb8-c5 wp-block-kadence-advancedheading\" data-kb-block=\"kb-adv-heading7682_d97bb8-c5\"><br>Napisz do nas w sprawie zam\u00f3wienia, od 5 sztuk dostaniesz rabat 10% na ca\u0142e zakupy.<\/p>\n\n\n<style>.wp-block-kadence-advancedheading.kt-adv-heading7682_798b37-15, .wp-block-kadence-advancedheading.kt-adv-heading7682_798b37-15[data-kb-block=\"kb-adv-heading7682_798b37-15\"]{font-size:var(--global-kb-font-size-md, 1.25rem);font-style:normal;}.wp-block-kadence-advancedheading.kt-adv-heading7682_798b37-15 mark.kt-highlight, .wp-block-kadence-advancedheading.kt-adv-heading7682_798b37-15[data-kb-block=\"kb-adv-heading7682_798b37-15\"] mark.kt-highlight{font-style:normal;color:#f76a0c;-webkit-box-decoration-break:clone;box-decoration-break:clone;padding-top:0px;padding-right:0px;padding-bottom:0px;padding-left:0px;}.wp-block-kadence-advancedheading.kt-adv-heading7682_798b37-15 img.kb-inline-image, .wp-block-kadence-advancedheading.kt-adv-heading7682_798b37-15[data-kb-block=\"kb-adv-heading7682_798b37-15\"] img.kb-inline-image{width:150px;vertical-align:baseline;}<\/style>\n<p class=\"kt-adv-heading7682_798b37-15 wp-block-kadence-advancedheading\" data-kb-block=\"kb-adv-heading7682_798b37-15\"><br>Od 2 sztuk mo\u017cliwo\u015b\u0107 wyhaftowania logo firmy lub imienia i nazwiska na odzie\u017cy, ceny s\u0105 ustalane indywidualnie, czas realizacji od 10 dni roboczych.<\/p>\n<\/div><\/div>\n\n\n<style>.kadence-column7682_6af1b7-58 > .kt-inside-inner-col,.kadence-column7682_6af1b7-58 > .kt-inside-inner-col:before{border-top-left-radius:0px;border-top-right-radius:0px;border-bottom-right-radius:0px;border-bottom-left-radius:0px;}.kadence-column7682_6af1b7-58 > .kt-inside-inner-col{column-gap:var(--global-kb-gap-sm, 1rem);}.kadence-column7682_6af1b7-58 > .kt-inside-inner-col{flex-direction:column;}.kadence-column7682_6af1b7-58 > .kt-inside-inner-col > .aligncenter{width:100%;}.kadence-column7682_6af1b7-58 > .kt-inside-inner-col:before{opacity:0.3;}.kadence-column7682_6af1b7-58{position:relative;}@media all and (max-width: 1024px){.kadence-column7682_6af1b7-58 > .kt-inside-inner-col{flex-direction:column;justify-content:center;}}@media all and (max-width: 767px){.kadence-column7682_6af1b7-58 > .kt-inside-inner-col{flex-direction:column;justify-content:center;}}<\/style>\n<div class=\"wp-block-kadence-column kadence-column7682_6af1b7-58\"><div class=\"kt-inside-inner-col\"><style>.kb-image7682_9e8f97-18 .kb-image-has-overlay:after{opacity:0.3;}<\/style>\n<figure class=\"wp-block-kadence-image kb-image7682_9e8f97-18 size-full\"><a href=\"https:\/\/scrabme.com\/wp-content\/uploads\/2025\/08\/1755064454103.jpg\" class=\"kb-advanced-image-link\"><img loading=\"lazy\" decoding=\"async\" width=\"1220\" height=\"1545\" src=\"https:\/\/scrabme.com\/wp-content\/uploads\/2025\/08\/1755064454103.jpg\" alt=\"odzie\u017c medyczna\" class=\"kb-img wp-image-7258\" srcset=\"https:\/\/scrabme.com\/wp-content\/uploads\/2025\/08\/1755064454103.jpg 1220w, https:\/\/scrabme.com\/wp-content\/uploads\/2025\/08\/1755064454103-237x300.jpg 237w, https:\/\/scrabme.com\/wp-content\/uploads\/2025\/08\/1755064454103-809x1024.jpg 809w, https:\/\/scrabme.com\/wp-content\/uploads\/2025\/08\/1755064454103-768x973.jpg 768w, https:\/\/scrabme.com\/wp-content\/uploads\/2025\/08\/1755064454103-1213x1536.jpg 1213w, https:\/\/scrabme.com\/wp-content\/uploads\/2025\/08\/1755064454103-9x12.jpg 9w, https:\/\/scrabme.com\/wp-content\/uploads\/2025\/08\/1755064454103-1000x1266.jpg 1000w, https:\/\/scrabme.com\/wp-content\/uploads\/2025\/08\/1755064454103-64x81.jpg 64w\" sizes=\"auto, (max-width: 1220px) 100vw, 1220px\" \/><\/a><\/figure>\n<\/div><\/div>\n\n<\/div><\/div>\n\n<style>.kb-row-layout-id7682_3cc6c1-a3 > .kt-row-column-wrap{align-content:center;}:where(.kb-row-layout-id7682_3cc6c1-a3 > .kt-row-column-wrap) > .wp-block-kadence-column{justify-content:center;}.kb-row-layout-id7682_3cc6c1-a3 > .kt-row-column-wrap{column-gap:var(--global-kb-gap-md, 2rem);row-gap:var(--global-kb-gap-md, 2rem);max-width:var( --global-content-width, 1650px );padding-left:var(--global-content-edge-padding);padding-right:var(--global-content-edge-padding);padding-top:var(--global-kb-spacing-sm, 1.5rem);padding-bottom:var(--global-kb-spacing-lg, 3rem);grid-template-columns:minmax(0, calc(30% - ((var(--global-kb-gap-md, 2rem) * 1 )\/2)))minmax(0, calc(70% - ((var(--global-kb-gap-md, 2rem) * 1 )\/2)));}.kb-row-layout-id7682_3cc6c1-a3 > .kt-row-layout-overlay{opacity:0.30;}@media all and (max-width: 1024px){.kb-row-layout-id7682_3cc6c1-a3 > .kt-row-column-wrap{grid-template-columns:repeat(2, minmax(0, 1fr));}}@media all and (max-width: 767px){.kb-row-layout-id7682_3cc6c1-a3 > .kt-row-column-wrap{grid-template-columns:minmax(0, 1fr);}}<\/style><div class=\"kb-row-layout-wrap kb-row-layout-id7682_3cc6c1-a3 alignnone wp-block-kadence-rowlayout\"><div class=\"kt-row-column-wrap kt-has-2-columns kt-row-layout-equal kt-tab-layout-inherit kt-mobile-layout-row kt-row-valign-middle kb-theme-content-width\">\n<style>.kadence-column7682_dabc47-46 > .kt-inside-inner-col,.kadence-column7682_dabc47-46 > .kt-inside-inner-col:before{border-top-left-radius:0px;border-top-right-radius:0px;border-bottom-right-radius:0px;border-bottom-left-radius:0px;}.kadence-column7682_dabc47-46 > .kt-inside-inner-col{column-gap:var(--global-kb-gap-sm, 1rem);}.kadence-column7682_dabc47-46 > .kt-inside-inner-col{flex-direction:column;}.kadence-column7682_dabc47-46 > .kt-inside-inner-col > .aligncenter{width:100%;}.kadence-column7682_dabc47-46 > .kt-inside-inner-col:before{opacity:0.3;}.kadence-column7682_dabc47-46{position:relative;}@media all and (max-width: 1024px){.kt-row-column-wrap.kt-tab-layout-three-grid > .kadence-column7682_dabc47-46, .kt-row-column-wrap.kt-tab-layout-two-grid > .kadence-column7682_dabc47-46, .kt-row-column-wrap.kt-tab-layout-row > .kadence-column7682_dabc47-46{order:2;}}@media all and (max-width: 1024px){.kadence-column7682_dabc47-46 > .kt-inside-inner-col{flex-direction:column;justify-content:center;}}@media all and (max-width: 767px){.kt-row-column-wrap.kt-mobile-layout-three-grid > .kadence-column7682_dabc47-46, .kt-row-column-wrap.kt-mobile-layout-two-grid > .kadence-column7682_dabc47-46, .kt-row-column-wrap.kt-mobile-layout-row > .kadence-column7682_dabc47-46{order:2 !important;}.kadence-column7682_dabc47-46 > .kt-inside-inner-col{flex-direction:column;justify-content:center;}}<\/style>\n<div class=\"wp-block-kadence-column kadence-column7682_dabc47-46\"><div class=\"kt-inside-inner-col\"><style>.kb-image7682_605547-91 .kb-image-has-overlay:after{opacity:0.3;}<\/style>\n<figure class=\"wp-block-kadence-image kb-image7682_605547-91\"><a href=\"https:\/\/scrabme.com\/wp-content\/uploads\/2025\/08\/1755064454103.jpg\" class=\"kb-advanced-image-link\"><img loading=\"lazy\" decoding=\"async\" width=\"1440\" height=\"1920\" src=\"https:\/\/scrabme.com\/wp-content\/uploads\/2025\/09\/535056749_17861590899460944_7426944616093288657_n.jpg\" alt=\"\" class=\"kb-img wp-image-7684\" srcset=\"https:\/\/scrabme.com\/wp-content\/uploads\/2025\/09\/535056749_17861590899460944_7426944616093288657_n.jpg 1440w, https:\/\/scrabme.com\/wp-content\/uploads\/2025\/09\/535056749_17861590899460944_7426944616093288657_n-225x300.jpg 225w, https:\/\/scrabme.com\/wp-content\/uploads\/2025\/09\/535056749_17861590899460944_7426944616093288657_n-768x1024.jpg 768w, https:\/\/scrabme.com\/wp-content\/uploads\/2025\/09\/535056749_17861590899460944_7426944616093288657_n-1152x1536.jpg 1152w, https:\/\/scrabme.com\/wp-content\/uploads\/2025\/09\/535056749_17861590899460944_7426944616093288657_n-9x12.jpg 9w, https:\/\/scrabme.com\/wp-content\/uploads\/2025\/09\/535056749_17861590899460944_7426944616093288657_n-1000x1333.jpg 1000w, https:\/\/scrabme.com\/wp-content\/uploads\/2025\/09\/535056749_17861590899460944_7426944616093288657_n-64x85.jpg 64w\" sizes=\"auto, (max-width: 1440px) 100vw, 1440px\" \/><\/a><\/figure>\n<\/div><\/div>\n\n\n<style>.kadence-column7682_11b34e-8d > .kt-inside-inner-col{padding-top:var(--global-kb-spacing-xl, 4rem);padding-right:var(--global-kb-spacing-xl, 4rem);padding-bottom:var(--global-kb-spacing-xl, 4rem);padding-left:var(--global-kb-spacing-xl, 4rem);}.kadence-column7682_11b34e-8d > .kt-inside-inner-col,.kadence-column7682_11b34e-8d > .kt-inside-inner-col:before{border-top-left-radius:0px;border-top-right-radius:0px;border-bottom-right-radius:0px;border-bottom-left-radius:0px;}.kadence-column7682_11b34e-8d > .kt-inside-inner-col{column-gap:var(--global-kb-gap-sm, 1rem);}.kadence-column7682_11b34e-8d > .kt-inside-inner-col{flex-direction:column;}.kadence-column7682_11b34e-8d > .kt-inside-inner-col > .aligncenter{width:100%;}.kadence-column7682_11b34e-8d > .kt-inside-inner-col:before{opacity:0.3;}.kadence-column7682_11b34e-8d{position:relative;}@media all and (max-width: 1024px){.kadence-column7682_11b34e-8d > .kt-inside-inner-col{flex-direction:column;justify-content:center;}}@media all and (max-width: 767px){.kadence-column7682_11b34e-8d > .kt-inside-inner-col{padding-top:var(--global-kb-spacing-xs, 1rem);padding-right:var(--global-kb-spacing-xs, 1rem);padding-bottom:var(--global-kb-spacing-xs, 1rem);padding-left:var(--global-kb-spacing-xs, 1rem);flex-direction:column;justify-content:center;}}<\/style>\n<div class=\"wp-block-kadence-column kadence-column7682_11b34e-8d\"><div class=\"kt-inside-inner-col\"><style>.wp-block-kadence-advancedheading.kt-adv-heading7682_f3dced-a3, .wp-block-kadence-advancedheading.kt-adv-heading7682_f3dced-a3[data-kb-block=\"kb-adv-heading7682_f3dced-a3\"]{font-size:var(--global-kb-font-size-lg, 2rem);font-style:normal;}.wp-block-kadence-advancedheading.kt-adv-heading7682_f3dced-a3 mark.kt-highlight, .wp-block-kadence-advancedheading.kt-adv-heading7682_f3dced-a3[data-kb-block=\"kb-adv-heading7682_f3dced-a3\"] mark.kt-highlight{font-style:normal;color:#f76a0c;-webkit-box-decoration-break:clone;box-decoration-break:clone;padding-top:0px;padding-right:0px;padding-bottom:0px;padding-left:0px;}.wp-block-kadence-advancedheading.kt-adv-heading7682_f3dced-a3 img.kb-inline-image, .wp-block-kadence-advancedheading.kt-adv-heading7682_f3dced-a3[data-kb-block=\"kb-adv-heading7682_f3dced-a3\"] img.kb-inline-image{width:150px;vertical-align:baseline;}<\/style>\n<h2 class=\"kt-adv-heading7682_f3dced-a3 wp-block-kadence-advancedheading\" data-kb-block=\"kb-adv-heading7682_f3dced-a3\">Skorzystaj z formularza zg\u0142oszeniowego:<\/h2>\n\n\n<div class=\"wp-block-kadence-advanced-form wp-block-kadence-advanced-form7690-cpt-id kb-adv-form-label-style-infield kb-adv-form-input-size-standard kb-form-basic-style wp-block-kadence-advanced-form\"><form id=\"kb-adv-form-7690-cpt-id\" class=\"kb-advanced-form\" method=\"post\">\n<style>.kb-row-layout-id7682_296f21-43 > .kt-row-column-wrap{align-content:start;}:where(.kb-row-layout-id7682_296f21-43 > .kt-row-column-wrap) > .wp-block-kadence-column{justify-content:start;}.kb-row-layout-id7682_296f21-43 > .kt-row-column-wrap{column-gap:var(--global-kb-gap-md, 2rem);row-gap:var(--global-kb-gap-md, 2rem);padding-top:0px;padding-right:0px;padding-bottom:0px;padding-left:0px;grid-template-columns:repeat(2, minmax(0, 1fr));}.kb-row-layout-id7682_296f21-43 > .kt-row-layout-overlay{opacity:0.30;}@media all and (max-width: 1024px){.kb-row-layout-id7682_296f21-43 > .kt-row-column-wrap{grid-template-columns:repeat(2, minmax(0, 1fr));}}@media all and (max-width: 767px){.kb-row-layout-id7682_296f21-43 > .kt-row-column-wrap{grid-template-columns:minmax(0, 1fr);}}<\/style><div class=\"kb-row-layout-wrap kb-row-layout-id7682_296f21-43 alignnone wp-block-kadence-rowlayout\"><div class=\"kt-row-column-wrap kt-has-2-columns kt-row-layout-equal kt-tab-layout-inherit kt-mobile-layout-row kt-row-valign-top\">\n<style>.kadence-column7682_b5e5c4-9a > .kt-inside-inner-col,.kadence-column7682_b5e5c4-9a > .kt-inside-inner-col:before{border-top-left-radius:0px;border-top-right-radius:0px;border-bottom-right-radius:0px;border-bottom-left-radius:0px;}.kadence-column7682_b5e5c4-9a > .kt-inside-inner-col{column-gap:var(--global-kb-gap-sm, 1rem);}.kadence-column7682_b5e5c4-9a > .kt-inside-inner-col{flex-direction:column;}.kadence-column7682_b5e5c4-9a > .kt-inside-inner-col > .aligncenter{width:100%;}.kadence-column7682_b5e5c4-9a > .kt-inside-inner-col:before{opacity:0.3;}.kadence-column7682_b5e5c4-9a{position:relative;}@media all and (max-width: 1024px){.kadence-column7682_b5e5c4-9a > .kt-inside-inner-col{flex-direction:column;justify-content:center;}}@media all and (max-width: 767px){.kadence-column7682_b5e5c4-9a > .kt-inside-inner-col{flex-direction:column;justify-content:center;}}<\/style>\n<div class=\"wp-block-kadence-column kadence-column7682_b5e5c4-9a\"><div class=\"kt-inside-inner-col\"><div class=\"kb-adv-form-field kb-adv-form-text-type-input kb-adv-form-infield-type-input kb-field76909304b8-4d wp-block-kadence-advanced-form-text\"><label class=\"kb-adv-form-label\" for=\"field76909304b8-4d\">Imi\u0119 i nazwisko<span class=\"kb-adv-form-required\">*<\/span><\/label><input name=\"name\" id=\"field76909304b8-4d\" data-label=\"Imi\u0119 i nazwisko\" type=\"text\" placeholder=\"\" value=\"\" data-type=\"text\" class=\"kb-field kb-text-field\" data-required=\"yes\" required aria-required=\"true\"\/><\/div><\/div><\/div>\n\n\n<style>.kadence-column7682_cc8ee3-1e > .kt-inside-inner-col,.kadence-column7682_cc8ee3-1e > .kt-inside-inner-col:before{border-top-left-radius:0px;border-top-right-radius:0px;border-bottom-right-radius:0px;border-bottom-left-radius:0px;}.kadence-column7682_cc8ee3-1e > .kt-inside-inner-col{column-gap:var(--global-kb-gap-sm, 1rem);}.kadence-column7682_cc8ee3-1e > .kt-inside-inner-col{flex-direction:column;}.kadence-column7682_cc8ee3-1e > .kt-inside-inner-col > .aligncenter{width:100%;}.kadence-column7682_cc8ee3-1e > .kt-inside-inner-col:before{opacity:0.3;}.kadence-column7682_cc8ee3-1e{position:relative;}@media all and (max-width: 1024px){.kadence-column7682_cc8ee3-1e > .kt-inside-inner-col{flex-direction:column;justify-content:center;}}@media all and (max-width: 767px){.kadence-column7682_cc8ee3-1e > .kt-inside-inner-col{flex-direction:column;justify-content:center;}}<\/style>\n<div class=\"wp-block-kadence-column kadence-column7682_cc8ee3-1e\"><div class=\"kt-inside-inner-col\"><div class=\"kb-adv-form-field kb-adv-form-text-type-input kb-adv-form-infield-type-input kb-field76904e8d34-ec wp-block-kadence-advanced-form-email\"><label class=\"kb-adv-form-label\" for=\"field76904e8d34-ec\">E-mail<span class=\"kb-adv-form-required\">*<\/span><\/label><input name=\"field4e8d34-ec\" id=\"field76904e8d34-ec\" data-label=\"E-mail\" type=\"email\" placeholder=\"\" value=\"\" data-type=\"email\" class=\"kb-field kb-email-field\" data-required=\"yes\" required aria-required=\"true\"\/><\/div><\/div><\/div>\n\n<\/div><\/div>\n\n<div class=\"kb-adv-form-field kb-adv-form-text-type-input kb-adv-form-infield-type-input kb-field769023a75d-58 wp-block-kadence-advanced-form-textarea\"><label class=\"kb-adv-form-label\" for=\"field769023a75d-58\">Wiadomo\u015b\u0107<span class=\"kb-adv-form-required\">*<\/span><\/label><textarea name=\"field23a75d-58\" id=\"field769023a75d-58\" rows=\"3\"  data-label=\"Wiadomo\u015b\u0107\" placeholder=\"\" data-type=\"textarea\" class=\"kb-field kb-textarea-field\" data-required=\"yes\" required aria-required=\"true\"><\/textarea><\/div>\n\n<div class=\"kb-adv-form-field kb-adv-form-file-type-input kb-adv-form-infield-type-input kb-field7690466f55-04 wp-block-kadence-advanced-form-file\"><label class=\"kb-adv-form-label\" for=\"field7690466f55-04\">Za\u0142\u0105cz logo do nadruku<\/label><input name=\"field466f55-04\" id=\"field7690466f55-04\" data-label=\"Za\u0142\u0105cz logo do nadruku\" type=\"file\" placeholder=\"\" value=\"\" data-type=\"file\" class=\"kb-field kb-file-field\" data-required=\"no\" \/><\/div>\n\n<style>ul.menu .kb-submit-field .kb-btnf39036-2e.kb-button{width:initial;}.kb-submit-field.kb-fieldf39036-2e{justify-content:flex-start;}<\/style><div class=\"kb-adv-form-field kb-submit-field kb-fieldf39036-2e wp-block-kadence-advanced-form-submit\"><button class=\"kb-button kt-button button kb-adv-form-submit-button kb-btnf39036-2e kt-btn-size-standard kt-btn-width-type-auto kb-btn-global-fill kt-btn-has-text-true kt-btn-has-svg-false\" type=\"submit\"><span class=\"kt-btn-inner-text\">Wy\u015blij<\/span><\/button><\/div>\n<input type=\"hidden\" name=\"_kb_adv_form_post_id\" value=\"7690\"><input type=\"hidden\" name=\"action\" value=\"kb_process_advanced_form_submit\"><input type=\"hidden\" name=\"_kb_adv_form_id\" value=\"7690-cpt-id\"><\/form><\/div>\n\n<style>.wp-block-kadence-advancedheading.kt-adv-heading7682_d2683c-a8, .wp-block-kadence-advancedheading.kt-adv-heading7682_d2683c-a8[data-kb-block=\"kb-adv-heading7682_d2683c-a8\"]{padding-top:var(--global-kb-spacing-xl, 4rem);font-size:var(--global-kb-font-size-md, 1.25rem);font-style:normal;}.wp-block-kadence-advancedheading.kt-adv-heading7682_d2683c-a8 mark.kt-highlight, .wp-block-kadence-advancedheading.kt-adv-heading7682_d2683c-a8[data-kb-block=\"kb-adv-heading7682_d2683c-a8\"] mark.kt-highlight{font-style:normal;color:#f76a0c;-webkit-box-decoration-break:clone;box-decoration-break:clone;padding-top:0px;padding-right:0px;padding-bottom:0px;padding-left:0px;}.wp-block-kadence-advancedheading.kt-adv-heading7682_d2683c-a8 img.kb-inline-image, .wp-block-kadence-advancedheading.kt-adv-heading7682_d2683c-a8[data-kb-block=\"kb-adv-heading7682_d2683c-a8\"] img.kb-inline-image{width:150px;vertical-align:baseline;}<\/style>\n<p class=\"kt-adv-heading7682_d2683c-a8 wp-block-kadence-advancedheading\" data-kb-block=\"kb-adv-heading7682_d2683c-a8\">Albo napisz do nas na adres e-mail <a href=\"mailto:biuro@scrabme.com\">biuro@scrabme.com<\/a> lub zadzwo\u0144 pod nr tel. <a href=\"tel:+48512119818\">512 119 818<\/a>.<\/p>\n\n\n<style>.wp-block-kadence-advancedheading.kt-adv-heading7682_029cdc-bf, .wp-block-kadence-advancedheading.kt-adv-heading7682_029cdc-bf[data-kb-block=\"kb-adv-heading7682_029cdc-bf\"]{font-size:var(--global-kb-font-size-md, 1.25rem);font-style:normal;}.wp-block-kadence-advancedheading.kt-adv-heading7682_029cdc-bf mark.kt-highlight, .wp-block-kadence-advancedheading.kt-adv-heading7682_029cdc-bf[data-kb-block=\"kb-adv-heading7682_029cdc-bf\"] mark.kt-highlight{font-style:normal;color:#f76a0c;-webkit-box-decoration-break:clone;box-decoration-break:clone;padding-top:0px;padding-right:0px;padding-bottom:0px;padding-left:0px;}.wp-block-kadence-advancedheading.kt-adv-heading7682_029cdc-bf img.kb-inline-image, .wp-block-kadence-advancedheading.kt-adv-heading7682_029cdc-bf[data-kb-block=\"kb-adv-heading7682_029cdc-bf\"] img.kb-inline-image{width:150px;vertical-align:baseline;}<\/style>\n<p class=\"kt-adv-heading7682_029cdc-bf wp-block-kadence-advancedheading\" data-kb-block=\"kb-adv-heading7682_029cdc-bf\">Zapraszamy do wsp\u00f3\u0142pracy!<br>Zesp\u00f3\u0142 Scrabme!<\/p>\n<\/div><\/div>\n\n<\/div><\/div>","protected":false},"excerpt":{"rendered":"<p>Group Orders Need more clothing for your team or ordering together with friends? Then you'll get the best deal with us! Write to us about your order, from 5 pieces you will get a 10% discount on your entire purchase. From 2 pieces you can have your company logo or name embroidered on the garment, prices are set individually, lead time from...<\/p>","protected":false},"author":2,"featured_media":0,"parent":0,"menu_order":0,"comment_status":"closed","ping_status":"closed","template":"","meta":{"_kad_blocks_custom_css":"","_kad_blocks_head_custom_js":"","_kad_blocks_body_custom_js":"","_kad_blocks_footer_custom_js":"","_kad_post_transparent":"","_kad_post_title":"","_kad_post_layout":"","_kad_post_sidebar_id":"","_kad_post_content_style":"","_kad_post_vertical_padding":"","_kad_post_feature":"","_kad_post_feature_position":"","_kad_post_header":false,"_kad_post_footer":false,"_kad_post_classname":"","footnotes":""},"class_list":["post-7682","page","type-page","status-publish","hentry"],"taxonomy_info":[],"featured_image_src_large":false,"author_info":{"display_name":"Micha\u0142","author_link":"https:\/\/scrabme.com\/en\/author\/michal\/"},"comment_info":0,"_links":{"self":[{"href":"https:\/\/scrabme.com\/en\/wp-json\/wp\/v2\/pages\/7682","targetHints":{"allow":["GET"]}}],"collection":[{"href":"https:\/\/scrabme.com\/en\/wp-json\/wp\/v2\/pages"}],"about":[{"href":"https:\/\/scrabme.com\/en\/wp-json\/wp\/v2\/types\/page"}],"author":[{"embeddable":true,"href":"https:\/\/scrabme.com\/en\/wp-json\/wp\/v2\/users\/2"}],"replies":[{"embeddable":true,"href":"https:\/\/scrabme.com\/en\/wp-json\/wp\/v2\/comments?post=7682"}],"version-history":[{"count":0,"href":"https:\/\/scrabme.com\/en\/wp-json\/wp\/v2\/pages\/7682\/revisions"}],"wp:attachment":[{"href":"https:\/\/scrabme.com\/en\/wp-json\/wp\/v2\/media?parent=7682"}],"curies":[{"name":"wp","href":"https:\/\/api.w.org\/{rel}","templated":true}]}}