{"id":71,"date":"2025-02-04T13:27:57","date_gmt":"2025-02-04T12:27:57","guid":{"rendered":"https:\/\/scrabme.com\/?page_id=71"},"modified":"2025-07-07T08:08:43","modified_gmt":"2025-07-07T06:08:43","slug":"promocje","status":"publish","type":"page","link":"https:\/\/scrabme.com\/en\/promocje\/","title":{"rendered":"Promotions"},"content":{"rendered":"<style>.kb-row-layout-id71_77a126-66 > .kt-row-column-wrap{align-content:start;}:where(.kb-row-layout-id71_77a126-66 > .kt-row-column-wrap) > .wp-block-kadence-column{justify-content:start;}.kb-row-layout-id71_77a126-66 > .kt-row-column-wrap{column-gap:var(--global-kb-gap-md, 2rem);row-gap:var(--global-kb-gap-md, 2rem);max-width:var( --global-content-width, 1650px );padding-left:var(--global-content-edge-padding);padding-right:var(--global-content-edge-padding);padding-top:var(--global-kb-spacing-xl, 4rem);padding-bottom:var(--global-kb-spacing-xl, 4rem);grid-template-columns:minmax(0, 1fr);}.kb-row-layout-id71_77a126-66 > .kt-row-layout-overlay{opacity:0.30;}@media all and (max-width: 1024px){.kb-row-layout-id71_77a126-66 > .kt-row-column-wrap{grid-template-columns:minmax(0, 1fr);}}@media all and (max-width: 767px){.kb-row-layout-id71_77a126-66 > .kt-row-column-wrap{grid-template-columns:minmax(0, 1fr);}}<\/style><div class=\"kb-row-layout-wrap kb-row-layout-id71_77a126-66 alignnone wp-block-kadence-rowlayout\"><div class=\"kt-row-column-wrap kt-has-1-columns kt-row-layout-equal kt-tab-layout-inherit kt-mobile-layout-row kt-row-valign-top kb-theme-content-width\">\n<style>.kadence-column71_138f80-51 > .kt-inside-inner-col,.kadence-column71_138f80-51 > .kt-inside-inner-col:before{border-top-left-radius:0px;border-top-right-radius:0px;border-bottom-right-radius:0px;border-bottom-left-radius:0px;}.kadence-column71_138f80-51 > .kt-inside-inner-col{column-gap:var(--global-kb-gap-sm, 1rem);}.kadence-column71_138f80-51 > .kt-inside-inner-col{flex-direction:column;}.kadence-column71_138f80-51 > .kt-inside-inner-col > .aligncenter{width:100%;}.kadence-column71_138f80-51 > .kt-inside-inner-col:before{opacity:0.3;}.kadence-column71_138f80-51{position:relative;}@media all and (max-width: 1024px){.kadence-column71_138f80-51 > .kt-inside-inner-col{flex-direction:column;justify-content:center;}}@media all and (max-width: 767px){.kadence-column71_138f80-51 > .kt-inside-inner-col{flex-direction:column;justify-content:center;}}<\/style>\n<div class=\"wp-block-kadence-column kadence-column71_138f80-51\"><div class=\"kt-inside-inner-col\"><style>.wp-block-kadence-advancedheading.kt-adv-heading71_ecbb42-18, .wp-block-kadence-advancedheading.kt-adv-heading71_ecbb42-18[data-kb-block=\"kb-adv-heading71_ecbb42-18\"]{font-style:normal;}.wp-block-kadence-advancedheading.kt-adv-heading71_ecbb42-18 mark.kt-highlight, .wp-block-kadence-advancedheading.kt-adv-heading71_ecbb42-18[data-kb-block=\"kb-adv-heading71_ecbb42-18\"] mark.kt-highlight{font-style:normal;color:#f76a0c;-webkit-box-decoration-break:clone;box-decoration-break:clone;padding-top:0px;padding-right:0px;padding-bottom:0px;padding-left:0px;}.wp-block-kadence-advancedheading.kt-adv-heading71_ecbb42-18 img.kb-inline-image, .wp-block-kadence-advancedheading.kt-adv-heading71_ecbb42-18[data-kb-block=\"kb-adv-heading71_ecbb42-18\"] img.kb-inline-image{width:150px;vertical-align:baseline;}<\/style>\n<h1 class=\"kt-adv-heading71_ecbb42-18 wp-block-kadence-advancedheading\" data-kb-block=\"kb-adv-heading71_ecbb42-18\">Produkty w promocji<\/h1>\n\n\n<div class=\"woocommerce columns-4 \"><ul class=\"products content-wrap product-archive grid-cols grid-ss-col-2 grid-sm-col-3 grid-lg-col-4 products-grid-view woo-archive-action-on-hover woo-archive-btn-text align-buttons-bottom  woo-archive-image-hover-none\"><li class=\"entry content-bg loop-entry product type-product post-9542 status-publish first instock product_cat-spodnie-medyczne has-post-thumbnail shipping-taxable purchasable product-type-variable has-default-attributes\">\n\t<a href=\"https:\/\/scrabme.com\/en\/product\/szare-spodnie-medyczne-proste-silver-grey-scrabme\/\" class=\"woocommerce-loop-image-link woocommerce-LoopProduct-link woocommerce-loop-product__link\"><img loading=\"lazy\" decoding=\"async\" width=\"683\" height=\"1025\" src=\"https:\/\/scrabme.com\/wp-content\/uploads\/2026\/03\/proste-5-683x1025.jpg\" class=\"attachment-woocommerce_thumbnail size-woocommerce_thumbnail\" alt=\"spodnie medyczne szare\" srcset=\"https:\/\/scrabme.com\/wp-content\/uploads\/2026\/03\/proste-5-683x1025.jpg 683w, https:\/\/scrabme.com\/wp-content\/uploads\/2026\/03\/proste-5-200x300.jpg 200w, https:\/\/scrabme.com\/wp-content\/uploads\/2026\/03\/proste-5-768x1152.jpg 768w, https:\/\/scrabme.com\/wp-content\/uploads\/2026\/03\/proste-5-8x12.jpg 8w, https:\/\/scrabme.com\/wp-content\/uploads\/2026\/03\/proste-5-1000x1500.jpg 1000w, https:\/\/scrabme.com\/wp-content\/uploads\/2026\/03\/proste-5-64x96.jpg 64w, https:\/\/scrabme.com\/wp-content\/uploads\/2026\/03\/proste-5.jpg 1024w\" sizes=\"auto, (max-width: 683px) 100vw, 683px\" \/><\/a><div class=\"product-details content-bg entry-content-wrap\"><h2 class=\"woocommerce-loop-product__title\"><a href=\"https:\/\/scrabme.com\/en\/product\/szare-spodnie-medyczne-proste-silver-grey-scrabme\/\" class=\"woocommerce-LoopProduct-link-title woocommerce-loop-product__title_ink\">Spodnie Medyczne Proste \u2013 Silver Grey Scrabme<\/a><\/h2><a href=\"?add-to-wishlist=9542\" class=\"woosw-btn woosw-btn-9542 woosw-btn-has-icon woosw-btn-icon-only\" data-id=\"9542\" data-product_name=\"Spodnie Medyczne Proste \u2013 Silver Grey Scrabme\" data-product_image=\"https:\/\/scrabme.com\/wp-content\/uploads\/2026\/03\/proste-5-150x150.jpg\" rel=\"nofollow\" aria-label=\"Add to wishlist\"><span class=\"woosw-btn-icon woosw-icon-5\"><\/span><\/a>\n\t<span class=\"price\"><span class=\"woocommerce-Price-amount amount\"><bdi>149,00&nbsp;<span class=\"woocommerce-Price-currencySymbol\">&#122;&#322;<\/span><\/bdi><\/span><\/span>\n<div class=\"product-action-wrap\"><a href=\"https:\/\/scrabme.com\/en\/product\/szare-spodnie-medyczne-proste-silver-grey-scrabme\/\" data-quantity=\"1\" class=\"button product_type_variable add_to_cart_button\" data-product_id=\"9542\" data-product_sku=\"\" aria-label=\"Wybierz opcje dla &bdquo;Spodnie Medyczne Proste \u2013 Silver Grey Scrabme&rdquo;\" rel=\"nofollow\">Wybierz opcje<span class=\"kadence-svg-iconset svg-baseline\"><svg aria-hidden=\"true\" class=\"kadence-svg-icon kadence-arrow-right-alt-svg\" fill=\"currentColor\" version=\"1.1\" xmlns=\"http:\/\/www.w3.org\/2000\/svg\" width=\"27\" height=\"28\" viewBox=\"0 0 27 28\"><title>Continue<\/title><path d=\"M27 13.953c0 0.141-0.063 0.281-0.156 0.375l-6 5.531c-0.156 0.141-0.359 0.172-0.547 0.094-0.172-0.078-0.297-0.25-0.297-0.453v-3.5h-19.5c-0.281 0-0.5-0.219-0.5-0.5v-3c0-0.281 0.219-0.5 0.5-0.5h19.5v-3.5c0-0.203 0.109-0.375 0.297-0.453s0.391-0.047 0.547 0.078l6 5.469c0.094 0.094 0.156 0.219 0.156 0.359v0z\"><\/path>\n\t\t\t\t<\/svg><\/span><span class=\"kadence-svg-iconset svg-baseline\"><svg class=\"kadence-svg-icon kadence-spinner-svg\" fill=\"currentColor\" version=\"1.1\" xmlns=\"http:\/\/www.w3.org\/2000\/svg\" width=\"16\" height=\"16\" viewBox=\"0 0 16 16\"><title>Loading<\/title><path d=\"M16 6h-6l2.243-2.243c-1.133-1.133-2.64-1.757-4.243-1.757s-3.109 0.624-4.243 1.757c-1.133 1.133-1.757 2.64-1.757 4.243s0.624 3.109 1.757 4.243c1.133 1.133 2.64 1.757 4.243 1.757s3.109-0.624 4.243-1.757c0.095-0.095 0.185-0.192 0.273-0.292l1.505 1.317c-1.466 1.674-3.62 2.732-6.020 2.732-4.418 0-8-3.582-8-8s3.582-8 8-8c2.209 0 4.209 0.896 5.656 2.344l2.343-2.344v6z\"><\/path>\n\t\t\t\t<\/svg><\/span><span class=\"kadence-svg-iconset svg-baseline\"><svg class=\"kadence-svg-icon kadence-check-svg\" fill=\"currentColor\" version=\"1.1\" xmlns=\"http:\/\/www.w3.org\/2000\/svg\" width=\"16\" height=\"16\" viewBox=\"0 0 16 16\"><title>Done<\/title><path d=\"M14 2.5l-8.5 8.5-3.5-3.5-1.5 1.5 5 5 10-10z\"><\/path>\n\t\t\t\t<\/svg><\/span><\/a>\t<span id=\"woocommerce_loop_add_to_cart_link_describedby_9542\" class=\"screen-reader-text\">\n\t\tTen produkt ma wiele wariant\u00f3w. Opcje mo\u017cna wybra\u0107 na stronie produktu\t<\/span>\n<\/div><\/div><\/li>\n<li class=\"entry content-bg loop-entry product type-product post-9506 status-publish instock product_cat-bluzy-medyczne has-post-thumbnail shipping-taxable purchasable product-type-variable has-default-attributes\">\n\t<a href=\"https:\/\/scrabme.com\/en\/product\/bluza-medyczna-szara-silver-grey-scrabme-front-pocket\/\" class=\"woocommerce-loop-image-link woocommerce-LoopProduct-link woocommerce-loop-product__link\"><img loading=\"lazy\" decoding=\"async\" width=\"683\" height=\"1025\" src=\"https:\/\/scrabme.com\/wp-content\/uploads\/2026\/03\/front-pocket-2.1-683x1025.jpg\" class=\"attachment-woocommerce_thumbnail size-woocommerce_thumbnail\" alt=\"bluza medyczna front szara\" srcset=\"https:\/\/scrabme.com\/wp-content\/uploads\/2026\/03\/front-pocket-2.1-683x1025.jpg 683w, https:\/\/scrabme.com\/wp-content\/uploads\/2026\/03\/front-pocket-2.1-200x300.jpg 200w, https:\/\/scrabme.com\/wp-content\/uploads\/2026\/03\/front-pocket-2.1-768x1152.jpg 768w, https:\/\/scrabme.com\/wp-content\/uploads\/2026\/03\/front-pocket-2.1-8x12.jpg 8w, https:\/\/scrabme.com\/wp-content\/uploads\/2026\/03\/front-pocket-2.1-1000x1500.jpg 1000w, https:\/\/scrabme.com\/wp-content\/uploads\/2026\/03\/front-pocket-2.1-64x96.jpg 64w, https:\/\/scrabme.com\/wp-content\/uploads\/2026\/03\/front-pocket-2.1.jpg 1024w\" sizes=\"auto, (max-width: 683px) 100vw, 683px\" \/><\/a><div class=\"product-details content-bg entry-content-wrap\"><h2 class=\"woocommerce-loop-product__title\"><a href=\"https:\/\/scrabme.com\/en\/product\/bluza-medyczna-szara-silver-grey-scrabme-front-pocket\/\" class=\"woocommerce-LoopProduct-link-title woocommerce-loop-product__title_ink\">Bluza Medyczna \u2013 Silver Grey Scrabme Front Pocket<\/a><\/h2><a href=\"?add-to-wishlist=9506\" class=\"woosw-btn woosw-btn-9506 woosw-btn-has-icon woosw-btn-icon-only\" data-id=\"9506\" data-product_name=\"Bluza Medyczna \u2013 Silver Grey Scrabme Front Pocket\" data-product_image=\"https:\/\/scrabme.com\/wp-content\/uploads\/2026\/03\/front-pocket-2.1-150x150.jpg\" rel=\"nofollow\" aria-label=\"Add to wishlist\"><span class=\"woosw-btn-icon woosw-icon-5\"><\/span><\/a>\n\t<span class=\"price\"><span class=\"woocommerce-Price-amount amount\"><bdi>149,00&nbsp;<span class=\"woocommerce-Price-currencySymbol\">&#122;&#322;<\/span><\/bdi><\/span><\/span>\n<div class=\"product-action-wrap\"><a href=\"https:\/\/scrabme.com\/en\/product\/bluza-medyczna-szara-silver-grey-scrabme-front-pocket\/\" data-quantity=\"1\" class=\"button product_type_variable add_to_cart_button\" data-product_id=\"9506\" data-product_sku=\"\" aria-label=\"Wybierz opcje dla &bdquo;Bluza Medyczna \u2013 Silver Grey Scrabme Front Pocket&rdquo;\" rel=\"nofollow\">Wybierz opcje<span class=\"kadence-svg-iconset svg-baseline\"><svg aria-hidden=\"true\" class=\"kadence-svg-icon kadence-arrow-right-alt-svg\" fill=\"currentColor\" version=\"1.1\" xmlns=\"http:\/\/www.w3.org\/2000\/svg\" width=\"27\" height=\"28\" viewBox=\"0 0 27 28\"><title>Continue<\/title><path d=\"M27 13.953c0 0.141-0.063 0.281-0.156 0.375l-6 5.531c-0.156 0.141-0.359 0.172-0.547 0.094-0.172-0.078-0.297-0.25-0.297-0.453v-3.5h-19.5c-0.281 0-0.5-0.219-0.5-0.5v-3c0-0.281 0.219-0.5 0.5-0.5h19.5v-3.5c0-0.203 0.109-0.375 0.297-0.453s0.391-0.047 0.547 0.078l6 5.469c0.094 0.094 0.156 0.219 0.156 0.359v0z\"><\/path>\n\t\t\t\t<\/svg><\/span><span class=\"kadence-svg-iconset svg-baseline\"><svg class=\"kadence-svg-icon kadence-spinner-svg\" fill=\"currentColor\" version=\"1.1\" xmlns=\"http:\/\/www.w3.org\/2000\/svg\" width=\"16\" height=\"16\" viewBox=\"0 0 16 16\"><title>Loading<\/title><path d=\"M16 6h-6l2.243-2.243c-1.133-1.133-2.64-1.757-4.243-1.757s-3.109 0.624-4.243 1.757c-1.133 1.133-1.757 2.64-1.757 4.243s0.624 3.109 1.757 4.243c1.133 1.133 2.64 1.757 4.243 1.757s3.109-0.624 4.243-1.757c0.095-0.095 0.185-0.192 0.273-0.292l1.505 1.317c-1.466 1.674-3.62 2.732-6.020 2.732-4.418 0-8-3.582-8-8s3.582-8 8-8c2.209 0 4.209 0.896 5.656 2.344l2.343-2.344v6z\"><\/path>\n\t\t\t\t<\/svg><\/span><span class=\"kadence-svg-iconset svg-baseline\"><svg class=\"kadence-svg-icon kadence-check-svg\" fill=\"currentColor\" version=\"1.1\" xmlns=\"http:\/\/www.w3.org\/2000\/svg\" width=\"16\" height=\"16\" viewBox=\"0 0 16 16\"><title>Done<\/title><path d=\"M14 2.5l-8.5 8.5-3.5-3.5-1.5 1.5 5 5 10-10z\"><\/path>\n\t\t\t\t<\/svg><\/span><\/a>\t<span id=\"woocommerce_loop_add_to_cart_link_describedby_9506\" class=\"screen-reader-text\">\n\t\tTen produkt ma wiele wariant\u00f3w. Opcje mo\u017cna wybra\u0107 na stronie produktu\t<\/span>\n<\/div><\/div><\/li>\n<li class=\"entry content-bg loop-entry product type-product post-9423 status-publish instock product_cat-spodnie-medyczne has-post-thumbnail shipping-taxable purchasable product-type-variable has-default-attributes\">\n\t<a href=\"https:\/\/scrabme.com\/en\/product\/spodnie-medyczne-joggery-silver-grey-scrabme\/\" class=\"woocommerce-loop-image-link woocommerce-LoopProduct-link woocommerce-loop-product__link\"><img loading=\"lazy\" decoding=\"async\" width=\"683\" height=\"1025\" src=\"https:\/\/scrabme.com\/wp-content\/uploads\/2026\/03\/joggery-1-683x1025.jpg\" class=\"attachment-woocommerce_thumbnail size-woocommerce_thumbnail\" alt=\"spodnie medyczne joggery szare\" srcset=\"https:\/\/scrabme.com\/wp-content\/uploads\/2026\/03\/joggery-1-683x1025.jpg 683w, https:\/\/scrabme.com\/wp-content\/uploads\/2026\/03\/joggery-1-200x300.jpg 200w, https:\/\/scrabme.com\/wp-content\/uploads\/2026\/03\/joggery-1-768x1152.jpg 768w, https:\/\/scrabme.com\/wp-content\/uploads\/2026\/03\/joggery-1-8x12.jpg 8w, https:\/\/scrabme.com\/wp-content\/uploads\/2026\/03\/joggery-1-1000x1500.jpg 1000w, https:\/\/scrabme.com\/wp-content\/uploads\/2026\/03\/joggery-1-64x96.jpg 64w, https:\/\/scrabme.com\/wp-content\/uploads\/2026\/03\/joggery-1.jpg 1024w\" sizes=\"auto, (max-width: 683px) 100vw, 683px\" \/><\/a><div class=\"product-details content-bg entry-content-wrap\"><h2 class=\"woocommerce-loop-product__title\"><a href=\"https:\/\/scrabme.com\/en\/product\/spodnie-medyczne-joggery-silver-grey-scrabme\/\" class=\"woocommerce-LoopProduct-link-title woocommerce-loop-product__title_ink\">Spodnie Medyczne Joggery \u2013 Silver Grey Scrabme<\/a><\/h2><a href=\"?add-to-wishlist=9423\" class=\"woosw-btn woosw-btn-9423 woosw-btn-has-icon woosw-btn-icon-only\" data-id=\"9423\" data-product_name=\"Spodnie Medyczne Joggery \u2013 Silver Grey Scrabme\" data-product_image=\"https:\/\/scrabme.com\/wp-content\/uploads\/2026\/03\/joggery-1-150x150.jpg\" rel=\"nofollow\" aria-label=\"Add to wishlist\"><span class=\"woosw-btn-icon woosw-icon-5\"><\/span><\/a>\n\t<span class=\"price\"><span class=\"woocommerce-Price-amount amount\"><bdi>149,00&nbsp;<span class=\"woocommerce-Price-currencySymbol\">&#122;&#322;<\/span><\/bdi><\/span><\/span>\n<div class=\"product-action-wrap\"><a href=\"https:\/\/scrabme.com\/en\/product\/spodnie-medyczne-joggery-silver-grey-scrabme\/\" data-quantity=\"1\" class=\"button product_type_variable add_to_cart_button\" data-product_id=\"9423\" data-product_sku=\"\" aria-label=\"Wybierz opcje dla &bdquo;Spodnie Medyczne Joggery \u2013 Silver Grey Scrabme&rdquo;\" rel=\"nofollow\">Wybierz opcje<span class=\"kadence-svg-iconset svg-baseline\"><svg aria-hidden=\"true\" class=\"kadence-svg-icon kadence-arrow-right-alt-svg\" fill=\"currentColor\" version=\"1.1\" xmlns=\"http:\/\/www.w3.org\/2000\/svg\" width=\"27\" height=\"28\" viewBox=\"0 0 27 28\"><title>Continue<\/title><path d=\"M27 13.953c0 0.141-0.063 0.281-0.156 0.375l-6 5.531c-0.156 0.141-0.359 0.172-0.547 0.094-0.172-0.078-0.297-0.25-0.297-0.453v-3.5h-19.5c-0.281 0-0.5-0.219-0.5-0.5v-3c0-0.281 0.219-0.5 0.5-0.5h19.5v-3.5c0-0.203 0.109-0.375 0.297-0.453s0.391-0.047 0.547 0.078l6 5.469c0.094 0.094 0.156 0.219 0.156 0.359v0z\"><\/path>\n\t\t\t\t<\/svg><\/span><span class=\"kadence-svg-iconset svg-baseline\"><svg class=\"kadence-svg-icon kadence-spinner-svg\" fill=\"currentColor\" version=\"1.1\" xmlns=\"http:\/\/www.w3.org\/2000\/svg\" width=\"16\" height=\"16\" viewBox=\"0 0 16 16\"><title>Loading<\/title><path d=\"M16 6h-6l2.243-2.243c-1.133-1.133-2.64-1.757-4.243-1.757s-3.109 0.624-4.243 1.757c-1.133 1.133-1.757 2.64-1.757 4.243s0.624 3.109 1.757 4.243c1.133 1.133 2.64 1.757 4.243 1.757s3.109-0.624 4.243-1.757c0.095-0.095 0.185-0.192 0.273-0.292l1.505 1.317c-1.466 1.674-3.62 2.732-6.020 2.732-4.418 0-8-3.582-8-8s3.582-8 8-8c2.209 0 4.209 0.896 5.656 2.344l2.343-2.344v6z\"><\/path>\n\t\t\t\t<\/svg><\/span><span class=\"kadence-svg-iconset svg-baseline\"><svg class=\"kadence-svg-icon kadence-check-svg\" fill=\"currentColor\" version=\"1.1\" xmlns=\"http:\/\/www.w3.org\/2000\/svg\" width=\"16\" height=\"16\" viewBox=\"0 0 16 16\"><title>Done<\/title><path d=\"M14 2.5l-8.5 8.5-3.5-3.5-1.5 1.5 5 5 10-10z\"><\/path>\n\t\t\t\t<\/svg><\/span><\/a>\t<span id=\"woocommerce_loop_add_to_cart_link_describedby_9423\" class=\"screen-reader-text\">\n\t\tTen produkt ma wiele wariant\u00f3w. Opcje mo\u017cna wybra\u0107 na stronie produktu\t<\/span>\n<\/div><\/div><\/li>\n<li class=\"entry content-bg loop-entry product type-product post-9163 status-publish last instock product_cat-tuniki-medyczne has-post-thumbnail shipping-taxable purchasable product-type-variable has-default-attributes\">\n\t<a href=\"https:\/\/scrabme.com\/en\/product\/tunika-medyczna-silver-grey-scrabme\/\" class=\"woocommerce-loop-image-link woocommerce-LoopProduct-link woocommerce-loop-product__link\"><img loading=\"lazy\" decoding=\"async\" width=\"683\" height=\"1025\" src=\"https:\/\/scrabme.com\/wp-content\/uploads\/2026\/03\/tunika-4.11-683x1025.jpg\" class=\"attachment-woocommerce_thumbnail size-woocommerce_thumbnail\" alt=\"tunika medyczna szara\" srcset=\"https:\/\/scrabme.com\/wp-content\/uploads\/2026\/03\/tunika-4.11-683x1025.jpg 683w, https:\/\/scrabme.com\/wp-content\/uploads\/2026\/03\/tunika-4.11-200x300.jpg 200w, https:\/\/scrabme.com\/wp-content\/uploads\/2026\/03\/tunika-4.11-768x1152.jpg 768w, https:\/\/scrabme.com\/wp-content\/uploads\/2026\/03\/tunika-4.11-8x12.jpg 8w, https:\/\/scrabme.com\/wp-content\/uploads\/2026\/03\/tunika-4.11-1000x1500.jpg 1000w, https:\/\/scrabme.com\/wp-content\/uploads\/2026\/03\/tunika-4.11-64x96.jpg 64w, https:\/\/scrabme.com\/wp-content\/uploads\/2026\/03\/tunika-4.11.jpg 1024w\" sizes=\"auto, (max-width: 683px) 100vw, 683px\" \/><\/a><div class=\"product-details content-bg entry-content-wrap\"><h2 class=\"woocommerce-loop-product__title\"><a href=\"https:\/\/scrabme.com\/en\/product\/tunika-medyczna-silver-grey-scrabme\/\" class=\"woocommerce-LoopProduct-link-title woocommerce-loop-product__title_ink\">Tunika Medyczna \u2013 Silver Grey Scrabme<\/a><\/h2><a href=\"?add-to-wishlist=9163\" class=\"woosw-btn woosw-btn-9163 woosw-btn-has-icon woosw-btn-icon-only\" data-id=\"9163\" data-product_name=\"Tunika Medyczna \u2013 Silver Grey Scrabme\" data-product_image=\"https:\/\/scrabme.com\/wp-content\/uploads\/2026\/03\/tunika-4.11-150x150.jpg\" rel=\"nofollow\" aria-label=\"Add to wishlist\"><span class=\"woosw-btn-icon woosw-icon-5\"><\/span><\/a>\n\t<span class=\"price\"><span class=\"woocommerce-Price-amount amount\"><bdi>159,00&nbsp;<span class=\"woocommerce-Price-currencySymbol\">&#122;&#322;<\/span><\/bdi><\/span><\/span>\n<div class=\"product-action-wrap\"><a href=\"https:\/\/scrabme.com\/en\/product\/tunika-medyczna-silver-grey-scrabme\/\" data-quantity=\"1\" class=\"button product_type_variable add_to_cart_button\" data-product_id=\"9163\" data-product_sku=\"\" aria-label=\"Wybierz opcje dla &bdquo;Tunika Medyczna \u2013 Silver Grey Scrabme&rdquo;\" rel=\"nofollow\">Wybierz opcje<span class=\"kadence-svg-iconset svg-baseline\"><svg aria-hidden=\"true\" class=\"kadence-svg-icon kadence-arrow-right-alt-svg\" fill=\"currentColor\" version=\"1.1\" xmlns=\"http:\/\/www.w3.org\/2000\/svg\" width=\"27\" height=\"28\" viewBox=\"0 0 27 28\"><title>Continue<\/title><path d=\"M27 13.953c0 0.141-0.063 0.281-0.156 0.375l-6 5.531c-0.156 0.141-0.359 0.172-0.547 0.094-0.172-0.078-0.297-0.25-0.297-0.453v-3.5h-19.5c-0.281 0-0.5-0.219-0.5-0.5v-3c0-0.281 0.219-0.5 0.5-0.5h19.5v-3.5c0-0.203 0.109-0.375 0.297-0.453s0.391-0.047 0.547 0.078l6 5.469c0.094 0.094 0.156 0.219 0.156 0.359v0z\"><\/path>\n\t\t\t\t<\/svg><\/span><span class=\"kadence-svg-iconset svg-baseline\"><svg class=\"kadence-svg-icon kadence-spinner-svg\" fill=\"currentColor\" version=\"1.1\" xmlns=\"http:\/\/www.w3.org\/2000\/svg\" width=\"16\" height=\"16\" viewBox=\"0 0 16 16\"><title>Loading<\/title><path d=\"M16 6h-6l2.243-2.243c-1.133-1.133-2.64-1.757-4.243-1.757s-3.109 0.624-4.243 1.757c-1.133 1.133-1.757 2.64-1.757 4.243s0.624 3.109 1.757 4.243c1.133 1.133 2.64 1.757 4.243 1.757s3.109-0.624 4.243-1.757c0.095-0.095 0.185-0.192 0.273-0.292l1.505 1.317c-1.466 1.674-3.62 2.732-6.020 2.732-4.418 0-8-3.582-8-8s3.582-8 8-8c2.209 0 4.209 0.896 5.656 2.344l2.343-2.344v6z\"><\/path>\n\t\t\t\t<\/svg><\/span><span class=\"kadence-svg-iconset svg-baseline\"><svg class=\"kadence-svg-icon kadence-check-svg\" fill=\"currentColor\" version=\"1.1\" xmlns=\"http:\/\/www.w3.org\/2000\/svg\" width=\"16\" height=\"16\" viewBox=\"0 0 16 16\"><title>Done<\/title><path d=\"M14 2.5l-8.5 8.5-3.5-3.5-1.5 1.5 5 5 10-10z\"><\/path>\n\t\t\t\t<\/svg><\/span><\/a>\t<span id=\"woocommerce_loop_add_to_cart_link_describedby_9163\" class=\"screen-reader-text\">\n\t\tTen produkt ma wiele wariant\u00f3w. Opcje mo\u017cna wybra\u0107 na stronie produktu\t<\/span>\n<\/div><\/div><\/li>\n<li class=\"entry content-bg loop-entry product type-product post-9104 status-publish first instock product_cat-bluzy-medyczne has-post-thumbnail shipping-taxable purchasable product-type-variable has-default-attributes\">\n\t<a href=\"https:\/\/scrabme.com\/en\/product\/bluza-medyczna-silver-grey-scrabme-slit-pocket\/\" class=\"woocommerce-loop-image-link woocommerce-LoopProduct-link woocommerce-loop-product__link\"><img loading=\"lazy\" decoding=\"async\" width=\"683\" height=\"1025\" src=\"https:\/\/scrabme.com\/wp-content\/uploads\/2026\/03\/slit-pocket-5-683x1025.jpg\" class=\"attachment-woocommerce_thumbnail size-woocommerce_thumbnail\" alt=\"bluza medyczna szara slit\" srcset=\"https:\/\/scrabme.com\/wp-content\/uploads\/2026\/03\/slit-pocket-5-683x1025.jpg 683w, https:\/\/scrabme.com\/wp-content\/uploads\/2026\/03\/slit-pocket-5-200x300.jpg 200w, https:\/\/scrabme.com\/wp-content\/uploads\/2026\/03\/slit-pocket-5-768x1152.jpg 768w, https:\/\/scrabme.com\/wp-content\/uploads\/2026\/03\/slit-pocket-5-8x12.jpg 8w, https:\/\/scrabme.com\/wp-content\/uploads\/2026\/03\/slit-pocket-5-1000x1500.jpg 1000w, https:\/\/scrabme.com\/wp-content\/uploads\/2026\/03\/slit-pocket-5-64x96.jpg 64w, https:\/\/scrabme.com\/wp-content\/uploads\/2026\/03\/slit-pocket-5.jpg 1024w\" sizes=\"auto, (max-width: 683px) 100vw, 683px\" \/><\/a><div class=\"product-details content-bg entry-content-wrap\"><h2 class=\"woocommerce-loop-product__title\"><a href=\"https:\/\/scrabme.com\/en\/product\/bluza-medyczna-silver-grey-scrabme-slit-pocket\/\" class=\"woocommerce-LoopProduct-link-title woocommerce-loop-product__title_ink\">Bluza Medyczna \u2013 Silver Grey Scrabme Slit Pocket<\/a><\/h2><a href=\"?add-to-wishlist=9104\" class=\"woosw-btn woosw-btn-9104 woosw-btn-has-icon woosw-btn-icon-only\" data-id=\"9104\" data-product_name=\"Bluza Medyczna \u2013 Silver Grey Scrabme Slit Pocket\" data-product_image=\"https:\/\/scrabme.com\/wp-content\/uploads\/2026\/03\/slit-pocket-5-150x150.jpg\" rel=\"nofollow\" aria-label=\"Add to wishlist\"><span class=\"woosw-btn-icon woosw-icon-5\"><\/span><\/a>\n\t<span class=\"price\"><span class=\"woocommerce-Price-amount amount\"><bdi>149,00&nbsp;<span class=\"woocommerce-Price-currencySymbol\">&#122;&#322;<\/span><\/bdi><\/span><\/span>\n<div class=\"product-action-wrap\"><a href=\"https:\/\/scrabme.com\/en\/product\/bluza-medyczna-silver-grey-scrabme-slit-pocket\/\" data-quantity=\"1\" class=\"button product_type_variable add_to_cart_button\" data-product_id=\"9104\" data-product_sku=\"\" aria-label=\"Wybierz opcje dla &bdquo;Bluza Medyczna \u2013 Silver Grey Scrabme Slit Pocket&rdquo;\" rel=\"nofollow\">Wybierz opcje<span class=\"kadence-svg-iconset svg-baseline\"><svg aria-hidden=\"true\" class=\"kadence-svg-icon kadence-arrow-right-alt-svg\" fill=\"currentColor\" version=\"1.1\" xmlns=\"http:\/\/www.w3.org\/2000\/svg\" width=\"27\" height=\"28\" viewBox=\"0 0 27 28\"><title>Continue<\/title><path d=\"M27 13.953c0 0.141-0.063 0.281-0.156 0.375l-6 5.531c-0.156 0.141-0.359 0.172-0.547 0.094-0.172-0.078-0.297-0.25-0.297-0.453v-3.5h-19.5c-0.281 0-0.5-0.219-0.5-0.5v-3c0-0.281 0.219-0.5 0.5-0.5h19.5v-3.5c0-0.203 0.109-0.375 0.297-0.453s0.391-0.047 0.547 0.078l6 5.469c0.094 0.094 0.156 0.219 0.156 0.359v0z\"><\/path>\n\t\t\t\t<\/svg><\/span><span class=\"kadence-svg-iconset svg-baseline\"><svg class=\"kadence-svg-icon kadence-spinner-svg\" fill=\"currentColor\" version=\"1.1\" xmlns=\"http:\/\/www.w3.org\/2000\/svg\" width=\"16\" height=\"16\" viewBox=\"0 0 16 16\"><title>Loading<\/title><path d=\"M16 6h-6l2.243-2.243c-1.133-1.133-2.64-1.757-4.243-1.757s-3.109 0.624-4.243 1.757c-1.133 1.133-1.757 2.64-1.757 4.243s0.624 3.109 1.757 4.243c1.133 1.133 2.64 1.757 4.243 1.757s3.109-0.624 4.243-1.757c0.095-0.095 0.185-0.192 0.273-0.292l1.505 1.317c-1.466 1.674-3.62 2.732-6.020 2.732-4.418 0-8-3.582-8-8s3.582-8 8-8c2.209 0 4.209 0.896 5.656 2.344l2.343-2.344v6z\"><\/path>\n\t\t\t\t<\/svg><\/span><span class=\"kadence-svg-iconset svg-baseline\"><svg class=\"kadence-svg-icon kadence-check-svg\" fill=\"currentColor\" version=\"1.1\" xmlns=\"http:\/\/www.w3.org\/2000\/svg\" width=\"16\" height=\"16\" viewBox=\"0 0 16 16\"><title>Done<\/title><path d=\"M14 2.5l-8.5 8.5-3.5-3.5-1.5 1.5 5 5 10-10z\"><\/path>\n\t\t\t\t<\/svg><\/span><\/a>\t<span id=\"woocommerce_loop_add_to_cart_link_describedby_9104\" class=\"screen-reader-text\">\n\t\tTen produkt ma wiele wariant\u00f3w. Opcje mo\u017cna wybra\u0107 na stronie produktu\t<\/span>\n<\/div><\/div><\/li>\n<\/ul>\n<\/div>\n<\/div><\/div>\n\n<\/div><\/div>","protected":false},"excerpt":{"rendered":"<p>Products on promotion<\/p>","protected":false},"author":2,"featured_media":0,"parent":0,"menu_order":0,"comment_status":"closed","ping_status":"closed","template":"","meta":{"_kad_blocks_custom_css":"","_kad_blocks_head_custom_js":"","_kad_blocks_body_custom_js":"","_kad_blocks_footer_custom_js":"","_kad_post_transparent":"","_kad_post_title":"","_kad_post_layout":"","_kad_post_sidebar_id":"","_kad_post_content_style":"","_kad_post_vertical_padding":"","_kad_post_feature":"","_kad_post_feature_position":"","_kad_post_header":false,"_kad_post_footer":false,"_kad_post_classname":"","footnotes":""},"class_list":["post-71","page","type-page","status-publish","hentry"],"taxonomy_info":[],"featured_image_src_large":false,"author_info":{"display_name":"Micha\u0142","author_link":"https:\/\/scrabme.com\/en\/author\/michal\/"},"comment_info":0,"_links":{"self":[{"href":"https:\/\/scrabme.com\/en\/wp-json\/wp\/v2\/pages\/71","targetHints":{"allow":["GET"]}}],"collection":[{"href":"https:\/\/scrabme.com\/en\/wp-json\/wp\/v2\/pages"}],"about":[{"href":"https:\/\/scrabme.com\/en\/wp-json\/wp\/v2\/types\/page"}],"author":[{"embeddable":true,"href":"https:\/\/scrabme.com\/en\/wp-json\/wp\/v2\/users\/2"}],"replies":[{"embeddable":true,"href":"https:\/\/scrabme.com\/en\/wp-json\/wp\/v2\/comments?post=71"}],"version-history":[{"count":0,"href":"https:\/\/scrabme.com\/en\/wp-json\/wp\/v2\/pages\/71\/revisions"}],"wp:attachment":[{"href":"https:\/\/scrabme.com\/en\/wp-json\/wp\/v2\/media?parent=71"}],"curies":[{"name":"wp","href":"https:\/\/api.w.org\/{rel}","templated":true}]}}